{"id":69,"date":"2023-10-11T12:08:25","date_gmt":"2023-10-11T10:08:25","guid":{"rendered":"https:\/\/image-de-marques-44.com\/blog\/?page_id=69"},"modified":"2026-04-02T11:31:50","modified_gmt":"2026-04-02T09:31:50","slug":"lequipe","status":"publish","type":"page","link":"https:\/\/image-de-marques-44.com\/blog\/lequipe\/","title":{"rendered":"L&rsquo;\u00e9quipe &#038; \u00c9dito"},"content":{"rendered":"<p data-start=\"201\" data-end=\"429\">Le site <em data-start=\"209\" data-end=\"230\">Image de Marques 44<\/em> est une plateforme d\u00e9di\u00e9e \u00e0 la <strong data-start=\"262\" data-end=\"294\">communication et au branding<\/strong> en Loire-Atlantique. Il met en avant des services li\u00e9s \u00e0 la cr\u00e9ation et au d\u00e9veloppement de l\u2019<strong data-start=\"389\" data-end=\"410\">identit\u00e9 visuelle<\/strong> des entreprises. L\u2019objectif principal du site est d\u2019accompagner les marques dans la construction d\u2019une image coh\u00e9rente, attractive et professionnelle afin de mieux se positionner sur leur march\u00e9.<\/p>\n","protected":false},"excerpt":{"rendered":"","protected":false},"author":34,"featured_media":0,"parent":0,"menu_order":0,"comment_status":"closed","ping_status":"closed","template":"","meta":{"_acf_changed":false,"manual_indexmenow":false,"indexmenow_id_project":0,"footnotes":""},"class_list":["post-69","page","type-page","status-publish"],"acf":[],"yoast_head":"<!-- This site is optimized with the Yoast SEO Premium plugin v21.3 (Yoast SEO v26.5) - https:\/\/yoast.com\/wordpress\/plugins\/seo\/ -->\n<title>L&#039;\u00e9quipe &amp; \u00c9dito<\/title>\n<meta name=\"description\" content=\"Le site Image de Marques 44 est une plateforme d\u00e9di\u00e9e \u00e0 la communication et au branding en Loire-Atlantique. Il met en avant des services li\u00e9s \u00e0 la\" \/>\n<meta name=\"robots\" content=\"index, follow, max-snippet:-1, max-image-preview:large, max-video-preview:-1\" \/>\n<link rel=\"canonical\" href=\"https:\/\/image-de-marques-44.com\/blog\/lequipe\/\" \/>\n<meta property=\"og:locale\" content=\"fr_FR\" \/>\n<meta property=\"og:type\" content=\"article\" \/>\n<meta property=\"og:title\" content=\"L&#039;\u00e9quipe &amp; \u00c9dito\" \/>\n<meta property=\"og:description\" content=\"Le site Image de Marques 44 est une plateforme d\u00e9di\u00e9e \u00e0 la communication et au branding en Loire-Atlantique. Il met en avant des services li\u00e9s \u00e0 la\" \/>\n<meta property=\"og:url\" content=\"https:\/\/image-de-marques-44.com\/blog\/lequipe\/\" \/>\n<meta property=\"og:site_name\" content=\"image-de-marques-44.com\" \/>\n<meta name=\"twitter:card\" content=\"summary_large_image\" \/>\n<script type=\"application\/ld+json\" class=\"yoast-schema-graph\">{\"@context\":\"https:\/\/schema.org\",\"@graph\":[{\"@type\":\"WebPage\",\"@id\":\"https:\/\/image-de-marques-44.com\/blog\/lequipe\/\",\"url\":\"https:\/\/image-de-marques-44.com\/blog\/lequipe\/\",\"name\":\"L'\u00e9quipe & \u00c9dito\",\"isPartOf\":{\"@id\":\"https:\/\/image-de-marques-44.com\/blog\/#website\"},\"datePublished\":\"2023-10-11T10:08:25+00:00\",\"dateModified\":\"2026-04-02T09:31:50+00:00\",\"description\":\"Le site Image de Marques 44 est une plateforme d\u00e9di\u00e9e \u00e0 la communication et au branding en Loire-Atlantique. Il met en avant des services li\u00e9s \u00e0 la\",\"inLanguage\":\"fr-FR\",\"potentialAction\":[{\"@type\":\"ReadAction\",\"target\":[\"https:\/\/image-de-marques-44.com\/blog\/lequipe\/\"]}]},{\"@type\":\"WebSite\",\"@id\":\"https:\/\/image-de-marques-44.com\/blog\/#website\",\"url\":\"https:\/\/image-de-marques-44.com\/blog\/\",\"name\":\"image-de-marques-44.com\",\"description\":\"Image de Marques 44, valorisez votre identit\u00e9\",\"publisher\":{\"@id\":\"https:\/\/image-de-marques-44.com\/blog\/#organization\"},\"alternateName\":\"Image de Marques 44, valorisez votre identit\u00e9\",\"potentialAction\":[{\"@type\":\"SearchAction\",\"target\":{\"@type\":\"EntryPoint\",\"urlTemplate\":\"https:\/\/image-de-marques-44.com\/blog\/?s={search_term_string}\"},\"query-input\":{\"@type\":\"PropertyValueSpecification\",\"valueRequired\":true,\"valueName\":\"search_term_string\"}}],\"inLanguage\":\"fr-FR\"},{\"@type\":\"Organization\",\"@id\":\"https:\/\/image-de-marques-44.com\/blog\/#organization\",\"name\":\"Foretsensations.fr\",\"url\":\"https:\/\/image-de-marques-44.com\/blog\/\",\"logo\":{\"@type\":\"ImageObject\",\"inLanguage\":\"fr-FR\",\"@id\":\"https:\/\/image-de-marques-44.com\/blog\/#\/schema\/logo\/image\/\",\"url\":\"https:\/\/image-de-marques-44.com\/blog\/wp-content\/uploads\/2025\/02\/cropped-image-de-marques-44.com_.png\",\"contentUrl\":\"https:\/\/image-de-marques-44.com\/blog\/wp-content\/uploads\/2025\/02\/cropped-image-de-marques-44.com_.png\",\"width\":500,\"height\":100,\"caption\":\"Foretsensations.fr\"},\"image\":{\"@id\":\"https:\/\/image-de-marques-44.com\/blog\/#\/schema\/logo\/image\/\"}}]}<\/script>\n<!-- \/ Yoast SEO Premium plugin. -->","yoast_head_json":{"title":"L'\u00e9quipe & \u00c9dito","description":"Le site Image de Marques 44 est une plateforme d\u00e9di\u00e9e \u00e0 la communication et au branding en Loire-Atlantique. Il met en avant des services li\u00e9s \u00e0 la","robots":{"index":"index","follow":"follow","max-snippet":"max-snippet:-1","max-image-preview":"max-image-preview:large","max-video-preview":"max-video-preview:-1"},"canonical":"https:\/\/image-de-marques-44.com\/blog\/lequipe\/","og_locale":"fr_FR","og_type":"article","og_title":"L'\u00e9quipe & \u00c9dito","og_description":"Le site Image de Marques 44 est une plateforme d\u00e9di\u00e9e \u00e0 la communication et au branding en Loire-Atlantique. Il met en avant des services li\u00e9s \u00e0 la","og_url":"https:\/\/image-de-marques-44.com\/blog\/lequipe\/","og_site_name":"image-de-marques-44.com","twitter_card":"summary_large_image","schema":{"@context":"https:\/\/schema.org","@graph":[{"@type":"WebPage","@id":"https:\/\/image-de-marques-44.com\/blog\/lequipe\/","url":"https:\/\/image-de-marques-44.com\/blog\/lequipe\/","name":"L'\u00e9quipe & \u00c9dito","isPartOf":{"@id":"https:\/\/image-de-marques-44.com\/blog\/#website"},"datePublished":"2023-10-11T10:08:25+00:00","dateModified":"2026-04-02T09:31:50+00:00","description":"Le site Image de Marques 44 est une plateforme d\u00e9di\u00e9e \u00e0 la communication et au branding en Loire-Atlantique. Il met en avant des services li\u00e9s \u00e0 la","inLanguage":"fr-FR","potentialAction":[{"@type":"ReadAction","target":["https:\/\/image-de-marques-44.com\/blog\/lequipe\/"]}]},{"@type":"WebSite","@id":"https:\/\/image-de-marques-44.com\/blog\/#website","url":"https:\/\/image-de-marques-44.com\/blog\/","name":"image-de-marques-44.com","description":"Image de Marques 44, valorisez votre identit\u00e9","publisher":{"@id":"https:\/\/image-de-marques-44.com\/blog\/#organization"},"alternateName":"Image de Marques 44, valorisez votre identit\u00e9","potentialAction":[{"@type":"SearchAction","target":{"@type":"EntryPoint","urlTemplate":"https:\/\/image-de-marques-44.com\/blog\/?s={search_term_string}"},"query-input":{"@type":"PropertyValueSpecification","valueRequired":true,"valueName":"search_term_string"}}],"inLanguage":"fr-FR"},{"@type":"Organization","@id":"https:\/\/image-de-marques-44.com\/blog\/#organization","name":"Foretsensations.fr","url":"https:\/\/image-de-marques-44.com\/blog\/","logo":{"@type":"ImageObject","inLanguage":"fr-FR","@id":"https:\/\/image-de-marques-44.com\/blog\/#\/schema\/logo\/image\/","url":"https:\/\/image-de-marques-44.com\/blog\/wp-content\/uploads\/2025\/02\/cropped-image-de-marques-44.com_.png","contentUrl":"https:\/\/image-de-marques-44.com\/blog\/wp-content\/uploads\/2025\/02\/cropped-image-de-marques-44.com_.png","width":500,"height":100,"caption":"Foretsensations.fr"},"image":{"@id":"https:\/\/image-de-marques-44.com\/blog\/#\/schema\/logo\/image\/"}}]}},"_links":{"self":[{"href":"https:\/\/image-de-marques-44.com\/blog\/wp-json\/wp\/v2\/pages\/69","targetHints":{"allow":["GET"]}}],"collection":[{"href":"https:\/\/image-de-marques-44.com\/blog\/wp-json\/wp\/v2\/pages"}],"about":[{"href":"https:\/\/image-de-marques-44.com\/blog\/wp-json\/wp\/v2\/types\/page"}],"author":[{"embeddable":true,"href":"https:\/\/image-de-marques-44.com\/blog\/wp-json\/wp\/v2\/users\/34"}],"replies":[{"embeddable":true,"href":"https:\/\/image-de-marques-44.com\/blog\/wp-json\/wp\/v2\/comments?post=69"}],"version-history":[{"count":35,"href":"https:\/\/image-de-marques-44.com\/blog\/wp-json\/wp\/v2\/pages\/69\/revisions"}],"predecessor-version":[{"id":7746,"href":"https:\/\/image-de-marques-44.com\/blog\/wp-json\/wp\/v2\/pages\/69\/revisions\/7746"}],"wp:attachment":[{"href":"https:\/\/image-de-marques-44.com\/blog\/wp-json\/wp\/v2\/media?parent=69"}],"curies":[{"name":"wp","href":"https:\/\/api.w.org\/{rel}","templated":true}]}}